{"id":5,"date":"2011-07-14T19:45:29","date_gmt":"2011-07-14T19:45:29","guid":{"rendered":"http:\/\/www.fillionpaysagiste.com\/wordpress\/?page_id=5"},"modified":"2025-04-04T12:35:42","modified_gmt":"2025-04-04T16:35:42","slug":"profil","status":"publish","type":"page","link":"https:\/\/fillionpaysagiste.com\/wordpress\/entreprise\/profil\/","title":{"rendered":"Profil"},"content":{"rendered":"<div class=\"grid_5 \"><h2>Profil d&rsquo;entreprise<\/h2>\n<p style=\"text-align: justify;\">Sp\u00e9cialis\u00e9 dans la cr\u00e9ation et la r\u00e9alisation de projets d\u2019am\u00e9nagements paysagers, <em>Fillion Paysagiste<\/em> offre un service complet aupr\u00e8s d\u2019une vaste client\u00e8le des secteurs r\u00e9sidentiels et commerciaux.\u00a0\u00a0 L\u2019entreprise cumule des r\u00e9alisations de toutes sortes pour lesquelles nous avons d\u00e9velopp\u00e9 une grande diversit\u00e9 dans nos champs d\u2019expertises en tant que paysagiste.<\/p>\n<p style=\"text-align: justify;\">Depuis nos tous premiers d\u00e9buts, nous avons su nous tailler une r\u00e9putation d\u2019excellence dans la r\u00e9alisation de projets d\u2019am\u00e9nagement paysager. \u00a0\u00a0De la conception jusqu\u2019\u00e0 l\u2019entretien, nous vous proposons la r\u00e9alisation de projets d\u2019am\u00e9nagement cl\u00e9s en main.<\/p>\n<h2>Notre mission<\/h2>\n<p style=\"text-align: justify;\">Cr\u00e9er et am\u00e9nager des ambiances ext\u00e9rieures uniques qui sollicitent les sens et mettent en valeur l\u2019environnement de nos clients.<\/p><\/div>\n<div class=\"grid_5 \"><h2>Une signature professionnelle<\/h2>\n<p style=\"text-align: justify;\">L\u2019harmonie des espaces \u00e0 am\u00e9nager et l\u2019art du jardin repr\u00e9sente un d\u00e9fi hautement passionnant qui nous motive depuis 40 ans. Nous aimons partager avec vous la passion qui nous anime et retirons une grande fiert\u00e9 chaque fois que nous contribuons \u00e0 embellir et agr\u00e9menter vos espaces de vie ext\u00e9rieure.<\/p>\n<p style=\"text-align: justify;\">Nos professionnels sont enti\u00e8rement d\u00e9vou\u00e9s et disponibles pour vous rencontrer sur place afin de comprendre vos besoins, vous sugg\u00e9rer des id\u00e9es, repousser vos limites et finalement vous faire cheminer pour rendre votre projet unique et compatible avec vos aspirations. Chez Fillion Paysagiste, nous offrons dans notre d\u00e9marche personnalis\u00e9e, une signature professionnelle ou rien n\u2019est laiss\u00e9 au hasard!<\/p><\/div>\n<div class=\"clear\"><\/div>\n<div class=\"hr\"><!-- --><\/div>\n<div class=\"grid_12 \"><\/div>\n<div class=\"clear\"><\/div>\n","protected":false},"excerpt":{"rendered":"","protected":false},"author":10,"featured_media":0,"parent":1015,"menu_order":1,"comment_status":"open","ping_status":"closed","template":"page-fullwidth.php","meta":{"footnotes":""},"class_list":["post-5","page","type-page","status-publish","hentry"],"_links":{"self":[{"href":"https:\/\/fillionpaysagiste.com\/wordpress\/wp-json\/wp\/v2\/pages\/5","targetHints":{"allow":["GET"]}}],"collection":[{"href":"https:\/\/fillionpaysagiste.com\/wordpress\/wp-json\/wp\/v2\/pages"}],"about":[{"href":"https:\/\/fillionpaysagiste.com\/wordpress\/wp-json\/wp\/v2\/types\/page"}],"author":[{"embeddable":true,"href":"https:\/\/fillionpaysagiste.com\/wordpress\/wp-json\/wp\/v2\/users\/10"}],"replies":[{"embeddable":true,"href":"https:\/\/fillionpaysagiste.com\/wordpress\/wp-json\/wp\/v2\/comments?post=5"}],"version-history":[{"count":172,"href":"https:\/\/fillionpaysagiste.com\/wordpress\/wp-json\/wp\/v2\/pages\/5\/revisions"}],"predecessor-version":[{"id":2221,"href":"https:\/\/fillionpaysagiste.com\/wordpress\/wp-json\/wp\/v2\/pages\/5\/revisions\/2221"}],"up":[{"embeddable":true,"href":"https:\/\/fillionpaysagiste.com\/wordpress\/wp-json\/wp\/v2\/pages\/1015"}],"wp:attachment":[{"href":"https:\/\/fillionpaysagiste.com\/wordpress\/wp-json\/wp\/v2\/media?parent=5"}],"curies":[{"name":"wp","href":"https:\/\/api.w.org\/{rel}","templated":true}]}}