{"id":2100,"date":"2015-03-19T15:48:52","date_gmt":"2015-03-19T19:48:52","guid":{"rendered":"http:\/\/www.fillionpaysagiste.com\/?page_id=2100"},"modified":"2015-03-19T17:00:41","modified_gmt":"2015-03-19T21:00:41","slug":"voile-dombrage","status":"publish","type":"page","link":"https:\/\/fillionpaysagiste.com\/wordpress\/voile-dombrage\/","title":{"rendered":"Voile d&rsquo;ombrage"},"content":{"rendered":"<h3>\u00c9L\u00c9GANCE, INTIMIT\u00c9 &amp; DISTINCTION<\/h3>\n<p style=\"text-align: justify;\"><img loading=\"lazy\" decoding=\"async\" class=\"alignright size-full wp-image-2104\" alt=\"Clipboard-1\" src=\"https:\/\/fillionpaysagiste.com\/wordpress\/wp-content\/uploads\/2015\/03\/Clipboard-1.jpg\" width=\"354\" height=\"234\" srcset=\"https:\/\/fillionpaysagiste.com\/wordpress\/wp-content\/uploads\/2015\/03\/Clipboard-1.jpg 400w, https:\/\/fillionpaysagiste.com\/wordpress\/wp-content\/uploads\/2015\/03\/Clipboard-1-300x198.jpg 300w\" sizes=\"auto, (max-width: 354px) 100vw, 354px\" \/>Nouvellement introduite au Qu\u00e9bec, les voiles d\u2019ombrage se veulent une alternative innovante aux traditionnels parasols, auvents et gaz\u00e9bos. Elles combinent \u00e0 la fois, \u00e9l\u00e9gance, intimit\u00e9 et distinction tout en apportant l\u2019une des meilleures protections contre les rayons UV sur le march\u00e9. En autre, elle permet de r\u00e9inventer les aires de vie ext\u00e9rieure en offrant une libre circulation sous les zones am\u00e9nag\u00e9es. D&rsquo;une grande \u00e9l\u00e9gance visuelle, ces voiles r\u00e9inventent la maison et le jardin tout en cr\u00e9ant de l\u2019ombre aux endroits propices.<\/p>\n<h2 align=\"JUSTIFY\"><span style=\"font-size: medium;\">UN STYLE DE VIE<\/span><\/h2>\n<p align=\"JUSTIFY\"><span style=\"font-size: medium;\"><img loading=\"lazy\" decoding=\"async\" class=\"alignleft size-full wp-image-2109\" alt=\"Clipboard-2\" src=\"https:\/\/fillionpaysagiste.com\/wordpress\/wp-content\/uploads\/2015\/03\/Clipboard-2.jpg\" width=\"355\" height=\"219\" srcset=\"https:\/\/fillionpaysagiste.com\/wordpress\/wp-content\/uploads\/2015\/03\/Clipboard-2.jpg 400w, https:\/\/fillionpaysagiste.com\/wordpress\/wp-content\/uploads\/2015\/03\/Clipboard-2-300x185.jpg 300w\" sizes=\"auto, (max-width: 355px) 100vw, 355px\" \/>La voile d\u2019ombrage s\u2019inspire \u00e9videmment d\u2019un besoin mais surtout du <\/span><span style=\"font-size: medium;\"><i><b>style de vie<\/b><\/i><\/span><span style=\"font-size: medium;\"> d\u00e9contract\u00e9e propre aux amateurs et passionn\u00e9s de la voile. Sur l\u2019eau tout s\u2019arr\u00eate pour n\u2019avoir que vous, le vent et votre voilier. Lorsque vous ne faites qu\u2019un, vous glissez sur l\u2019eau en oubliant tout, loin des tracas et de la vie tr\u00e9pidante du quotidien. La mise en place d\u2019une voile d\u2019ombrage procure le m\u00eame effet.<\/span><\/p>\n<h2 align=\"JUSTIFY\"><span style=\"font-size: medium;\">INSPIRATION AUTRALIENNE<\/span><\/h2>\n<p align=\"JUSTIFY\"><span style=\"font-size: medium;\"><img loading=\"lazy\" decoding=\"async\" class=\"alignleft size-full wp-image-2119\" alt=\"3\" src=\"https:\/\/fillionpaysagiste.com\/wordpress\/wp-content\/uploads\/2015\/03\/3.jpg\" width=\"275\" height=\"183\" \/>Continuellement confront\u00e9 \u00e0 des climats torrides sous un soleil accablants, il n\u2019est pas surprenant d\u2019apprendre que l\u2019entreprise australienne SAIL SHADE WORLD soit l\u2019instigatrice de cette ligne de produits novateurs. L\u2019Australie compte plus de 8,000 \u00eeles, de grands littoraux et un style de vie urbaine inspir\u00e9e de cet environnement remplis de contrastes. La voile d\u2019ombrage est un savant m\u00e9lange de tout cela.<\/span><\/p>\n<h2 align=\"JUSTIFY\"><span style=\"font-size: medium;\">INSTALLATION ET FIXATION<\/span><\/h2>\n<p align=\"JUSTIFY\"><span style=\"font-size: medium;\"><img loading=\"lazy\" decoding=\"async\" class=\"alignright size-medium wp-image-2120\" alt=\"4\" src=\"https:\/\/fillionpaysagiste.com\/wordpress\/wp-content\/uploads\/2015\/03\/4-300x225.jpg\" width=\"300\" height=\"225\" srcset=\"https:\/\/fillionpaysagiste.com\/wordpress\/wp-content\/uploads\/2015\/03\/4-300x225.jpg 300w, https:\/\/fillionpaysagiste.com\/wordpress\/wp-content\/uploads\/2015\/03\/4-1024x768.jpg 1024w, https:\/\/fillionpaysagiste.com\/wordpress\/wp-content\/uploads\/2015\/03\/4.jpg 1500w\" sizes=\"auto, (max-width: 300px) 100vw, 300px\" \/>Maintenues \u00e0 l\u2019aide de m\u00e2ts ou fix\u00e9es sur le mur de la maison, elles sont munies d&rsquo;anneaux en acier inoxydable (grade marin) et de tendeurs \u00e0 chaque extr\u00e9mit\u00e9. Quoique que simple dans sa forme compl\u00e8tement d\u00e9pouill\u00e9e, l\u2019installation d\u2019une voile d\u2019ombrage requi\u00e8re l\u2019intervention d\u2019un sp\u00e9cialiste pour concevoir et pr\u00e9voir les divers points d\u2019ancrage qui viendront contrer des vents pouvant aller jusqu\u2019\u00e0 125 km\/h. Une installation bien con\u00e7ue et install\u00e9e ad\u00e9quatement permettra d\u2019optimiser les b\u00e9n\u00e9fices recherch\u00e9s mais surtout d\u2019en assurer la p\u00e9rennit\u00e9 \u00e0 plus long terme. <\/span><\/p>\n<h2 align=\"JUSTIFY\"><span style=\"font-size: medium;\">ENTREPOSAGE D\u2019HIVER<\/span><\/h2>\n<p align=\"JUSTIFY\"><span style=\"font-size: medium;\">Au Qu\u00e9bec, nos hivers nous obligent \u00e0 enlever et ranger la voile pour la remettre au printemps. Des tendeurs ajustables sont sp\u00e9cialement con\u00e7us pour cela. Il s\u2019agit simplement de les desserrer afin de d\u00e9crocher simplement la voile. L\u2019op\u00e9ration ne prend que quelques minutes. L\u2019op\u00e9ration inverse sera \u00e0 faire au printemps. Au besoin, nous pouvons offrir un service d\u2019installation et d\u2019entreposage hivernal.<\/span><\/p>\n<h2 align=\"JUSTIFY\"><span style=\"font-size: medium;\">CHOIX DE COULEUR<\/span><\/h2>\n<p align=\"JUSTIFY\"><span style=\"font-size: medium;\">Nous pouvons concevoir une voile ou un groupe de voiles de diverses couleurs. Nous disposons d\u2019un inventaire de 15 coloris et offert en 2 types de densit\u00e9, 220g\/m2 et 340g\/m2. Le choix de l\u2019un ou l\u2019autre d\u00e9pend de l\u2019application, des besoins ainsi que de la superficie \u00e0 couvrir. <\/span><\/p>\n<p align=\"JUSTIFY\"><a href=\"https:\/\/fillionpaysagiste.com\/wordpress\/wp-content\/uploads\/2015\/03\/5.jpg\"><img loading=\"lazy\" decoding=\"async\" class=\"alignright  wp-image-2121\" alt=\"5\" src=\"https:\/\/fillionpaysagiste.com\/wordpress\/wp-content\/uploads\/2015\/03\/5.jpg\" width=\"564\" height=\"330\" srcset=\"https:\/\/fillionpaysagiste.com\/wordpress\/wp-content\/uploads\/2015\/03\/5.jpg 924w, https:\/\/fillionpaysagiste.com\/wordpress\/wp-content\/uploads\/2015\/03\/5-300x175.jpg 300w\" sizes=\"auto, (max-width: 564px) 100vw, 564px\" \/><\/a><\/p>\n<h2 align=\"JUSTIFY\"><span style=\"font-size: medium;\">FORMES DE BASE<\/span><\/h2>\n<p align=\"JUSTIFY\">\u00a0<span style=\"font-size: medium;\">Il existe plusieurs formats de base: triangulaires, rectangulaires, \u00e0 cinq, six, sept et huit c\u00f4t\u00e9s. Ces voiles s\u00e9duisent par leur c\u00f4t\u00e9 esth\u00e9tique et leur polyvalence. Elles sont con\u00e7ues et fabriqu\u00e9es sur mesure pour r\u00e9pondre aux besoins sp\u00e9cifiques de chaque client.<\/span><\/p>\n<p style=\"text-align: center;\" align=\"CENTER\"><span style=\"font-size: medium;\">1. Configuration en triangle simple<\/span><\/p>\n<p style=\"text-align: center;\"><a href=\"https:\/\/fillionpaysagiste.com\/wordpress\/wp-content\/uploads\/2015\/03\/6.jpg\"><img loading=\"lazy\" decoding=\"async\" class=\"size-medium wp-image-2125 alignnone\" alt=\"6\" src=\"https:\/\/fillionpaysagiste.com\/wordpress\/wp-content\/uploads\/2015\/03\/6-300x158.jpg\" width=\"300\" height=\"158\" srcset=\"https:\/\/fillionpaysagiste.com\/wordpress\/wp-content\/uploads\/2015\/03\/6-300x158.jpg 300w, https:\/\/fillionpaysagiste.com\/wordpress\/wp-content\/uploads\/2015\/03\/6-1024x542.jpg 1024w, https:\/\/fillionpaysagiste.com\/wordpress\/wp-content\/uploads\/2015\/03\/6.jpg 2048w\" sizes=\"auto, (max-width: 300px) 100vw, 300px\" \/><\/a><\/p>\n<p style=\"text-align: center;\"><span style=\"font-size: medium;\">2. Configuration en losange<\/span><\/p>\n<p style=\"text-align: center;\"><a href=\"https:\/\/fillionpaysagiste.com\/wordpress\/wp-content\/uploads\/2015\/03\/7.jpg\"><img loading=\"lazy\" decoding=\"async\" class=\"wp-image-2126 alignnone\" alt=\"7\" src=\"https:\/\/fillionpaysagiste.com\/wordpress\/wp-content\/uploads\/2015\/03\/7-300x158.jpg\" width=\"300\" height=\"158\" srcset=\"https:\/\/fillionpaysagiste.com\/wordpress\/wp-content\/uploads\/2015\/03\/7-300x158.jpg 300w, https:\/\/fillionpaysagiste.com\/wordpress\/wp-content\/uploads\/2015\/03\/7-1024x542.jpg 1024w, https:\/\/fillionpaysagiste.com\/wordpress\/wp-content\/uploads\/2015\/03\/7.jpg 2048w\" sizes=\"auto, (max-width: 300px) 100vw, 300px\" \/><\/a><\/p>\n<p style=\"text-align: center;\">3. Configuration en triangle double<\/p>\n<p style=\"text-align: center;\"><a href=\"https:\/\/fillionpaysagiste.com\/wordpress\/wp-content\/uploads\/2015\/03\/8.jpg\"><img loading=\"lazy\" decoding=\"async\" class=\"size-medium wp-image-2127 alignnone\" alt=\"8\" src=\"https:\/\/fillionpaysagiste.com\/wordpress\/wp-content\/uploads\/2015\/03\/8-300x158.jpg\" width=\"300\" height=\"158\" srcset=\"https:\/\/fillionpaysagiste.com\/wordpress\/wp-content\/uploads\/2015\/03\/8-300x158.jpg 300w, https:\/\/fillionpaysagiste.com\/wordpress\/wp-content\/uploads\/2015\/03\/8-1024x542.jpg 1024w, https:\/\/fillionpaysagiste.com\/wordpress\/wp-content\/uploads\/2015\/03\/8.jpg 2048w\" sizes=\"auto, (max-width: 300px) 100vw, 300px\" \/><\/a><\/p>\n<h2 align=\"JUSTIFY\"><span style=\"font-size: medium;\">GARANTIE<\/span><\/h2>\n<p align=\"JUSTIFY\"><span style=\"font-size: medium;\">En plus de notre garantie d\u2019installation, le manufacturier Sail Shade world offre une garantie de 10\u00a0ans contre la d\u00e9t\u00e9rioration caus\u00e9e par les rayons UV. <\/span><\/p>\n<h2 align=\"JUSTIFY\"><span style=\"font-size: medium;\">CERTIFICATION ET HOMOLOGUATION<\/span><\/h2>\n<p align=\"JUSTIFY\"><span style=\"font-size: medium;\">Confectionn\u00e9es par Sail Shade world, une entreprise australienne, ces voiles d\u2019ombrage sont actuellement les plus performantes sur le march\u00e9. Elles sont fabriqu\u00e9es \u00e0 partir d&rsquo;un tissu d\u00e9velopp\u00e9 par Gale Pacific Lt\u00e9e, le chef de file mondial dans la fabrication de tissus en polym\u00e8re. <\/span><\/p>\n<h4 align=\"JUSTIFY\"><strong><span style=\"color: #99cc00;\"><a href=\"https:\/\/plus.google.com\/photos\/106235951464324518750\/albums\/6127753808806505777?authkey=CJaJ1q3zyp6NHA\" target=\"_blank\"><span style=\"color: #99cc00; font-family: Arial; font-size: medium;\">Voir des projets d\u2019inspiration<\/span><\/a><\/span><\/strong><\/h4>\n<p>&nbsp;<\/p>\n<p align=\"JUSTIFY\"><span style=\"font-size: medium;\"><b>FILLION PAYSAGISTE INC.<\/b><br \/>\n20891, BOULEVARD HENRI-BOURASSA, QU\u00c9BEC (QC), G2N 1P8<\/span><\/p>\n<h1 align=\"JUSTIFY\"><span style=\"font-size: medium;\">(418)\u00a0849-2919<\/span><\/h1>\n<p align=\"JUSTIFY\">\n","protected":false},"excerpt":{"rendered":"<p>\u00c9L\u00c9GANCE, INTIMIT\u00c9 &amp; DISTINCTION Nouvellement introduite au Qu\u00e9bec, les voiles d\u2019ombrage se veulent une alternative innovante aux traditionnels parasols, auvents et gaz\u00e9bos. Elles combinent \u00e0 la fois, \u00e9l\u00e9gance, intimit\u00e9 et distinction tout en apportant l\u2019une des meilleures protections contre les rayons UV sur le march\u00e9. En autre, elle permet de r\u00e9inventer les aires de vie ext\u00e9rieure en offrant une libre&nbsp;<a href=\"https:\/\/fillionpaysagiste.com\/wordpress\/voile-dombrage\/\" class=\"read-more\">Continue Reading<\/a><\/p>\n","protected":false},"author":10,"featured_media":0,"parent":0,"menu_order":0,"comment_status":"closed","ping_status":"closed","template":"","meta":{"footnotes":""},"class_list":["post-2100","page","type-page","status-publish","hentry"],"_links":{"self":[{"href":"https:\/\/fillionpaysagiste.com\/wordpress\/wp-json\/wp\/v2\/pages\/2100","targetHints":{"allow":["GET"]}}],"collection":[{"href":"https:\/\/fillionpaysagiste.com\/wordpress\/wp-json\/wp\/v2\/pages"}],"about":[{"href":"https:\/\/fillionpaysagiste.com\/wordpress\/wp-json\/wp\/v2\/types\/page"}],"author":[{"embeddable":true,"href":"https:\/\/fillionpaysagiste.com\/wordpress\/wp-json\/wp\/v2\/users\/10"}],"replies":[{"embeddable":true,"href":"https:\/\/fillionpaysagiste.com\/wordpress\/wp-json\/wp\/v2\/comments?post=2100"}],"version-history":[{"count":23,"href":"https:\/\/fillionpaysagiste.com\/wordpress\/wp-json\/wp\/v2\/pages\/2100\/revisions"}],"predecessor-version":[{"id":2132,"href":"https:\/\/fillionpaysagiste.com\/wordpress\/wp-json\/wp\/v2\/pages\/2100\/revisions\/2132"}],"wp:attachment":[{"href":"https:\/\/fillionpaysagiste.com\/wordpress\/wp-json\/wp\/v2\/media?parent=2100"}],"curies":[{"name":"wp","href":"https:\/\/api.w.org\/{rel}","templated":true}]}}