{"id":2027,"date":"2014-04-10T07:33:18","date_gmt":"2014-04-10T11:33:18","guid":{"rendered":"http:\/\/www.fillionpaysagiste.com\/?page_id=2027"},"modified":"2014-04-10T08:10:10","modified_gmt":"2014-04-10T12:10:10","slug":"liens-interessants","status":"publish","type":"page","link":"https:\/\/fillionpaysagiste.com\/wordpress\/liens-interessants\/","title":{"rendered":"Liens int\u00e9ressants"},"content":{"rendered":"<div class=\"grid_9 \"><h2 style=\"text-align: justify;\">Liens int\u00e9ressants<\/h2>\n<ul>\n<li style=\"text-align: justify;\"><a href=\"http:\/\/www.associationdesjardinsduquebec.com\" target=\"_blank\"><strong>www.associationdesjardinsduquebec.com<\/strong><\/a><br \/>\nL\u2019Association des jardins du Qu\u00e9bec a comme mission de regrouper en corporation les jardins du Qu\u00e9bec ouverts au public afin d\u2019aider \u00e0 leur d\u00e9veloppement et \u00e0 leur promotion et de souligner leur apport \u00e0 la culture et au patrimoine qu\u00e9b\u00e9cois.<\/li>\n<li style=\"text-align: justify;\"><strong><a href=\"http:\/\/www.jardinage.net\" target=\"_blank\">www.jardinage.net<\/a><\/strong><strong><br \/>\n<\/strong>Site du magazine Fleurs, Plantes et Jardins. Articles, rubriques et conseils sur l\u2019am\u00e9nagement du jardin, les arbres et arbustes, les annuelles et les vivaces, les plantes d\u2019int\u00e9rieur et le potager. Annuaire des professionnels de l\u2019horticulture. Forum pour les passionn\u00e9s de jardinage. Guide sur le contr\u00f4le \u00e9cologique des insectes et maladies. Bulletin hebdomadaire d\u2019entretien des plantes par r\u00e9gion.<\/li>\n<li style=\"text-align: justify;\"><a href=\"http:\/\/www.espacepourlavie.ca\/jardin-botanique\" target=\"_blank\"><strong>www.espacepourlavie.ca\/jardin-botanique<\/strong><br \/>\n<\/a>Jardin botanique de Montr\u00e9al, pr\u00e9cieuse oasis au c\u0153ur de la ville.<\/li>\n<\/ul><\/div>\n","protected":false},"excerpt":{"rendered":"","protected":false},"author":10,"featured_media":0,"parent":0,"menu_order":0,"comment_status":"closed","ping_status":"closed","template":"page-fullwidth.php","meta":{"footnotes":""},"class_list":["post-2027","page","type-page","status-publish","hentry"],"_links":{"self":[{"href":"https:\/\/fillionpaysagiste.com\/wordpress\/wp-json\/wp\/v2\/pages\/2027","targetHints":{"allow":["GET"]}}],"collection":[{"href":"https:\/\/fillionpaysagiste.com\/wordpress\/wp-json\/wp\/v2\/pages"}],"about":[{"href":"https:\/\/fillionpaysagiste.com\/wordpress\/wp-json\/wp\/v2\/types\/page"}],"author":[{"embeddable":true,"href":"https:\/\/fillionpaysagiste.com\/wordpress\/wp-json\/wp\/v2\/users\/10"}],"replies":[{"embeddable":true,"href":"https:\/\/fillionpaysagiste.com\/wordpress\/wp-json\/wp\/v2\/comments?post=2027"}],"version-history":[{"count":18,"href":"https:\/\/fillionpaysagiste.com\/wordpress\/wp-json\/wp\/v2\/pages\/2027\/revisions"}],"predecessor-version":[{"id":2052,"href":"https:\/\/fillionpaysagiste.com\/wordpress\/wp-json\/wp\/v2\/pages\/2027\/revisions\/2052"}],"wp:attachment":[{"href":"https:\/\/fillionpaysagiste.com\/wordpress\/wp-json\/wp\/v2\/media?parent=2027"}],"curies":[{"name":"wp","href":"https:\/\/api.w.org\/{rel}","templated":true}]}}