{"id":1000,"date":"2014-03-12T07:57:46","date_gmt":"2014-03-12T11:57:46","guid":{"rendered":"http:\/\/www.fillionpaysagiste.com\/wordpress\/?page_id=1000"},"modified":"2014-04-09T13:18:41","modified_gmt":"2014-04-09T17:18:41","slug":"espaces-amenages","status":"publish","type":"page","link":"https:\/\/fillionpaysagiste.com\/wordpress\/gallery\/espaces-amenages\/","title":{"rendered":"Bo\u00eete \u00e0 id\u00e9es"},"content":{"rendered":"","protected":false},"excerpt":{"rendered":"","protected":false},"author":10,"featured_media":0,"parent":9,"menu_order":3,"comment_status":"closed","ping_status":"closed","template":"page-Portfolio4Cols.php","meta":{"footnotes":""},"class_list":["post-1000","page","type-page","status-publish","hentry"],"_links":{"self":[{"href":"https:\/\/fillionpaysagiste.com\/wordpress\/wp-json\/wp\/v2\/pages\/1000","targetHints":{"allow":["GET"]}}],"collection":[{"href":"https:\/\/fillionpaysagiste.com\/wordpress\/wp-json\/wp\/v2\/pages"}],"about":[{"href":"https:\/\/fillionpaysagiste.com\/wordpress\/wp-json\/wp\/v2\/types\/page"}],"author":[{"embeddable":true,"href":"https:\/\/fillionpaysagiste.com\/wordpress\/wp-json\/wp\/v2\/users\/10"}],"replies":[{"embeddable":true,"href":"https:\/\/fillionpaysagiste.com\/wordpress\/wp-json\/wp\/v2\/comments?post=1000"}],"version-history":[{"count":2,"href":"https:\/\/fillionpaysagiste.com\/wordpress\/wp-json\/wp\/v2\/pages\/1000\/revisions"}],"predecessor-version":[{"id":1925,"href":"https:\/\/fillionpaysagiste.com\/wordpress\/wp-json\/wp\/v2\/pages\/1000\/revisions\/1925"}],"up":[{"embeddable":true,"href":"https:\/\/fillionpaysagiste.com\/wordpress\/wp-json\/wp\/v2\/pages\/9"}],"wp:attachment":[{"href":"https:\/\/fillionpaysagiste.com\/wordpress\/wp-json\/wp\/v2\/media?parent=1000"}],"curies":[{"name":"wp","href":"https:\/\/api.w.org\/{rel}","templated":true}]}}